{"id":646,"date":"2023-05-05T08:41:17","date_gmt":"2023-05-05T08:41:17","guid":{"rendered":"https:\/\/studioflorence.pl\/?page_id=646"},"modified":"2023-05-15T07:26:34","modified_gmt":"2023-05-15T07:26:34","slug":"usluga-wykonawcza","status":"publish","type":"page","link":"https:\/\/studioflorence.pl\/index.php\/usluga-wykonawcza\/","title":{"rendered":"US\u0141UGA WYKONAWCZA"},"content":{"rendered":"\t\t<div data-elementor-type=\"wp-page\" data-elementor-id=\"646\" class=\"elementor elementor-646\" data-elementor-post-type=\"page\">\n\t\t\t\t\t\t\t\t\t<section data-particle_enable=\"false\" data-particle-mobile-disabled=\"false\" class=\"elementor-section elementor-top-section elementor-element elementor-element-8f31d0e elementor-section-boxed elementor-section-height-default elementor-section-height-default\" data-id=\"8f31d0e\" data-element_type=\"section\" data-settings=\"{&quot;_ha_eqh_enable&quot;:false}\">\n\t\t\t\t\t\t<div class=\"elementor-container elementor-column-gap-wider\">\n\t\t\t\t\t<div class=\"elementor-column elementor-col-50 elementor-top-column elementor-element elementor-element-fd22873\" data-id=\"fd22873\" data-element_type=\"column\">\n\t\t\t<div class=\"elementor-widget-wrap elementor-element-populated\">\n\t\t\t\t\t\t\t\t<div class=\"elementor-element elementor-element-61374e2 elementor-invisible elementor-widget elementor-widget-heading\" data-id=\"61374e2\" data-element_type=\"widget\" data-settings=\"{&quot;_animation&quot;:&quot;fadeIn&quot;}\" data-widget_type=\"heading.default\">\n\t\t\t\t<div class=\"elementor-widget-container\">\n\t\t\t<h2 class=\"elementor-heading-title elementor-size-default\">US\u0141UGA\nWYKONAWCZA<\/h2>\t\t<\/div>\n\t\t\t\t<\/div>\n\t\t\t\t\t<\/div>\n\t\t<\/div>\n\t\t\t\t<div class=\"elementor-column elementor-col-50 elementor-top-column elementor-element elementor-element-c19e28b\" data-id=\"c19e28b\" data-element_type=\"column\">\n\t\t\t<div class=\"elementor-widget-wrap elementor-element-populated\">\n\t\t\t\t\t\t\t\t<div class=\"elementor-element elementor-element-ec1a86f elementor-invisible elementor-widget elementor-widget-image\" data-id=\"ec1a86f\" data-element_type=\"widget\" data-settings=\"{&quot;_animation&quot;:&quot;fadeIn&quot;}\" data-widget_type=\"image.default\">\n\t\t\t\t<div class=\"elementor-widget-container\">\n\t\t\t\t\t\t\t\t\t\t\t\t\t\t\t<img decoding=\"async\" loading=\"lazy\" width=\"800\" height=\"209\" src=\"https:\/\/studioflorence.pl\/wp-content\/uploads\/2023\/05\/logo_packan-1024x268.png\" class=\"attachment-large size-large wp-image-649\" alt=\"\" srcset=\"https:\/\/studioflorence.pl\/wp-content\/uploads\/2023\/05\/logo_packan-1024x268.png 1024w, https:\/\/studioflorence.pl\/wp-content\/uploads\/2023\/05\/logo_packan-300x78.png 300w, https:\/\/studioflorence.pl\/wp-content\/uploads\/2023\/05\/logo_packan-768x201.png 768w, https:\/\/studioflorence.pl\/wp-content\/uploads\/2023\/05\/logo_packan-1536x402.png 1536w, https:\/\/studioflorence.pl\/wp-content\/uploads\/2023\/05\/logo_packan-2048x536.png 2048w\" sizes=\"(max-width: 800px) 100vw, 800px\" \/>\t\t\t\t\t\t\t\t\t\t\t\t\t\t\t<\/div>\n\t\t\t\t<\/div>\n\t\t\t\t\t<\/div>\n\t\t<\/div>\n\t\t\t\t\t\t\t<\/div>\n\t\t<\/section>\n\t\t\t\t<section data-particle_enable=\"false\" data-particle-mobile-disabled=\"false\" class=\"elementor-section elementor-top-section elementor-element elementor-element-92718d6 elementor-section-boxed elementor-section-height-default elementor-section-height-default elementor-invisible\" data-id=\"92718d6\" data-element_type=\"section\" data-settings=\"{&quot;animation&quot;:&quot;fadeIn&quot;,&quot;_ha_eqh_enable&quot;:false}\">\n\t\t\t\t\t\t<div class=\"elementor-container elementor-column-gap-wider\">\n\t\t\t\t\t<div class=\"elementor-column elementor-col-50 elementor-top-column elementor-element elementor-element-5ee9fc5\" data-id=\"5ee9fc5\" data-element_type=\"column\">\n\t\t\t<div class=\"elementor-widget-wrap elementor-element-populated\">\n\t\t\t\t\t\t\t\t<div class=\"elementor-element elementor-element-b021d8f elementor-widget elementor-widget-image\" data-id=\"b021d8f\" data-element_type=\"widget\" data-widget_type=\"image.default\">\n\t\t\t\t<div class=\"elementor-widget-container\">\n\t\t\t\t\t\t\t\t\t\t\t\t\t\t\t<img decoding=\"async\" loading=\"lazy\" width=\"800\" height=\"534\" src=\"https:\/\/studioflorence.pl\/wp-content\/uploads\/2023\/05\/pacman_-1024x684.jpg\" class=\"attachment-large size-large wp-image-642\" alt=\"\" srcset=\"https:\/\/studioflorence.pl\/wp-content\/uploads\/2023\/05\/pacman_-1024x684.jpg 1024w, https:\/\/studioflorence.pl\/wp-content\/uploads\/2023\/05\/pacman_-300x200.jpg 300w, https:\/\/studioflorence.pl\/wp-content\/uploads\/2023\/05\/pacman_-768x513.jpg 768w, https:\/\/studioflorence.pl\/wp-content\/uploads\/2023\/05\/pacman_.jpg 1104w\" sizes=\"(max-width: 800px) 100vw, 800px\" \/>\t\t\t\t\t\t\t\t\t\t\t\t\t\t\t<\/div>\n\t\t\t\t<\/div>\n\t\t\t\t\t<\/div>\n\t\t<\/div>\n\t\t\t\t<div class=\"elementor-column elementor-col-50 elementor-top-column elementor-element elementor-element-e33a341\" data-id=\"e33a341\" data-element_type=\"column\">\n\t\t\t<div class=\"elementor-widget-wrap elementor-element-populated\">\n\t\t\t\t\t\t\t\t<div class=\"elementor-element elementor-element-7e6e3e5 elementor-widget elementor-widget-text-editor\" data-id=\"7e6e3e5\" data-element_type=\"widget\" data-widget_type=\"text-editor.default\">\n\t\t\t\t<div class=\"elementor-widget-container\">\n\t\t\t\t\t\t\t<p>Gor\u0105co zach\u0119camy do korzystania z us\u0142ug naszej sprawdzonej i solidnej firmy wykonawczej PACMAN.<\/p><p>Realizujemy ma\u0142e i du\u017ce zlecenia, pocz\u0105wszy od likwidacji sterem w domy czy w biurze po kompleksowe wyko\u0144czenie wn\u0119trz ze stanu deweloperskiego \u201epod klucz\u201d.<\/p><p>W swojej ofercie posiadamy us\u0142ugi elektryczne, hydrauliczne, remontowe i og\u00f3lnobudowlane. <br \/>Wykonujemy prace ze szczeg\u00f3ln\u0105 staranno\u015bci\u0105 i dba\u0142o\u015bci\u0105 o detale. Prace realizujemy szybko i dok\u0142adnie.<\/p><p>Wycena us\u0142ug jest wykonywana indywidualnie. W celu uzyskania informacji o terminach prosimy o kontakt pod numerem 609 872 651. <br \/>Serdecznie zapraszamy.<\/p>\t\t\t\t\t\t<\/div>\n\t\t\t\t<\/div>\n\t\t\t\t\t<\/div>\n\t\t<\/div>\n\t\t\t\t\t\t\t<\/div>\n\t\t<\/section>\n\t\t\t\t\t\t\t<\/div>\n\t\t","protected":false},"excerpt":{"rendered":"<p>US\u0141UGA WYKONAWCZA Gor\u0105co zach\u0119camy do korzystania z us\u0142ug naszej sprawdzonej i solidnej firmy wykonawczej PACMAN. Realizujemy ma\u0142e i du\u017ce zlecenia, pocz\u0105wszy od likwidacji sterem w domy czy w biurze po kompleksowe wyko\u0144czenie wn\u0119trz ze stanu deweloperskiego \u201epod klucz\u201d. W swojej ofercie posiadamy us\u0142ugi elektryczne, hydrauliczne, remontowe i og\u00f3lnobudowlane. Wykonujemy prace ze szczeg\u00f3ln\u0105 staranno\u015bci\u0105 i dba\u0142o\u015bci\u0105 [&hellip;]<\/p>\n","protected":false},"author":1,"featured_media":0,"parent":0,"menu_order":0,"comment_status":"closed","ping_status":"closed","template":"elementor_header_footer","meta":{"footnotes":""},"yoast_head":"<!-- This site is optimized with the Yoast SEO Premium plugin v16.9 (Yoast SEO v16.9) - https:\/\/yoast.com\/wordpress\/plugins\/seo\/ -->\n<title>US\u0141UGA WYKONAWCZA - Studio Florence<\/title>\n<meta name=\"robots\" content=\"index, follow, max-snippet:-1, max-image-preview:large, max-video-preview:-1\" \/>\n<link rel=\"canonical\" href=\"https:\/\/studioflorence.pl\/index.php\/usluga-wykonawcza\/\" \/>\n<meta property=\"og:locale\" content=\"pl_PL\" \/>\n<meta property=\"og:type\" content=\"article\" \/>\n<meta property=\"og:title\" content=\"US\u0141UGA WYKONAWCZA\" \/>\n<meta property=\"og:description\" content=\"US\u0141UGA WYKONAWCZA Gor\u0105co zach\u0119camy do korzystania z us\u0142ug naszej sprawdzonej i solidnej firmy wykonawczej PACMAN. Realizujemy ma\u0142e i du\u017ce zlecenia, pocz\u0105wszy od likwidacji sterem w domy czy w biurze po kompleksowe wyko\u0144czenie wn\u0119trz ze stanu deweloperskiego \u201epod klucz\u201d. W swojej ofercie posiadamy us\u0142ugi elektryczne, hydrauliczne, remontowe i og\u00f3lnobudowlane. Wykonujemy prace ze szczeg\u00f3ln\u0105 staranno\u015bci\u0105 i dba\u0142o\u015bci\u0105 [&hellip;]\" \/>\n<meta property=\"og:url\" content=\"https:\/\/studioflorence.pl\/index.php\/usluga-wykonawcza\/\" \/>\n<meta property=\"og:site_name\" content=\"Studio Florence\" \/>\n<meta property=\"article:modified_time\" content=\"2023-05-15T07:26:34+00:00\" \/>\n<meta property=\"og:image\" content=\"https:\/\/studioflorence.pl\/wp-content\/uploads\/2023\/05\/logo_packan-1024x268.png\" \/>\n<meta name=\"twitter:card\" content=\"summary_large_image\" \/>\n<meta name=\"twitter:label1\" content=\"Szacowany czas czytania\" \/>\n\t<meta name=\"twitter:data1\" content=\"1 minuta\" \/>\n<script type=\"application\/ld+json\" class=\"yoast-schema-graph\">{\"@context\":\"https:\/\/schema.org\",\"@graph\":[{\"@type\":\"WebSite\",\"@id\":\"https:\/\/studioflorence.pl\/#website\",\"url\":\"https:\/\/studioflorence.pl\/\",\"name\":\"Studio Florence\",\"description\":\"Projektowanie Wn\\u0119trz\",\"potentialAction\":[{\"@type\":\"SearchAction\",\"target\":{\"@type\":\"EntryPoint\",\"urlTemplate\":\"https:\/\/studioflorence.pl\/?s={search_term_string}\"},\"query-input\":\"required name=search_term_string\"}],\"inLanguage\":\"pl-PL\"},{\"@type\":\"ImageObject\",\"@id\":\"https:\/\/studioflorence.pl\/index.php\/usluga-wykonawcza\/#primaryimage\",\"inLanguage\":\"pl-PL\",\"url\":\"https:\/\/studioflorence.pl\/wp-content\/uploads\/2023\/05\/logo_packan.png\",\"contentUrl\":\"https:\/\/studioflorence.pl\/wp-content\/uploads\/2023\/05\/logo_packan.png\",\"width\":2068,\"height\":541},{\"@type\":\"WebPage\",\"@id\":\"https:\/\/studioflorence.pl\/index.php\/usluga-wykonawcza\/#webpage\",\"url\":\"https:\/\/studioflorence.pl\/index.php\/usluga-wykonawcza\/\",\"name\":\"US\\u0141UGA WYKONAWCZA - Studio Florence\",\"isPartOf\":{\"@id\":\"https:\/\/studioflorence.pl\/#website\"},\"primaryImageOfPage\":{\"@id\":\"https:\/\/studioflorence.pl\/index.php\/usluga-wykonawcza\/#primaryimage\"},\"datePublished\":\"2023-05-05T08:41:17+00:00\",\"dateModified\":\"2023-05-15T07:26:34+00:00\",\"breadcrumb\":{\"@id\":\"https:\/\/studioflorence.pl\/index.php\/usluga-wykonawcza\/#breadcrumb\"},\"inLanguage\":\"pl-PL\",\"potentialAction\":[{\"@type\":\"ReadAction\",\"target\":[\"https:\/\/studioflorence.pl\/index.php\/usluga-wykonawcza\/\"]}]},{\"@type\":\"BreadcrumbList\",\"@id\":\"https:\/\/studioflorence.pl\/index.php\/usluga-wykonawcza\/#breadcrumb\",\"itemListElement\":[{\"@type\":\"ListItem\",\"position\":1,\"name\":\"Strona g\\u0142\\u00f3wna\",\"item\":\"https:\/\/studioflorence.pl\/\"},{\"@type\":\"ListItem\",\"position\":2,\"name\":\"US\\u0141UGA WYKONAWCZA\"}]}]}<\/script>\n<!-- \/ Yoast SEO Premium plugin. -->","yoast_head_json":{"title":"US\u0141UGA WYKONAWCZA - Studio Florence","robots":{"index":"index","follow":"follow","max-snippet":"max-snippet:-1","max-image-preview":"max-image-preview:large","max-video-preview":"max-video-preview:-1"},"canonical":"https:\/\/studioflorence.pl\/index.php\/usluga-wykonawcza\/","og_locale":"pl_PL","og_type":"article","og_title":"US\u0141UGA WYKONAWCZA","og_description":"US\u0141UGA WYKONAWCZA Gor\u0105co zach\u0119camy do korzystania z us\u0142ug naszej sprawdzonej i solidnej firmy wykonawczej PACMAN. Realizujemy ma\u0142e i du\u017ce zlecenia, pocz\u0105wszy od likwidacji sterem w domy czy w biurze po kompleksowe wyko\u0144czenie wn\u0119trz ze stanu deweloperskiego \u201epod klucz\u201d. W swojej ofercie posiadamy us\u0142ugi elektryczne, hydrauliczne, remontowe i og\u00f3lnobudowlane. Wykonujemy prace ze szczeg\u00f3ln\u0105 staranno\u015bci\u0105 i dba\u0142o\u015bci\u0105 [&hellip;]","og_url":"https:\/\/studioflorence.pl\/index.php\/usluga-wykonawcza\/","og_site_name":"Studio Florence","article_modified_time":"2023-05-15T07:26:34+00:00","og_image":[{"url":"https:\/\/studioflorence.pl\/wp-content\/uploads\/2023\/05\/logo_packan-1024x268.png"}],"twitter_card":"summary_large_image","twitter_misc":{"Szacowany czas czytania":"1 minuta"},"schema":{"@context":"https:\/\/schema.org","@graph":[{"@type":"WebSite","@id":"https:\/\/studioflorence.pl\/#website","url":"https:\/\/studioflorence.pl\/","name":"Studio Florence","description":"Projektowanie Wn\u0119trz","potentialAction":[{"@type":"SearchAction","target":{"@type":"EntryPoint","urlTemplate":"https:\/\/studioflorence.pl\/?s={search_term_string}"},"query-input":"required name=search_term_string"}],"inLanguage":"pl-PL"},{"@type":"ImageObject","@id":"https:\/\/studioflorence.pl\/index.php\/usluga-wykonawcza\/#primaryimage","inLanguage":"pl-PL","url":"https:\/\/studioflorence.pl\/wp-content\/uploads\/2023\/05\/logo_packan.png","contentUrl":"https:\/\/studioflorence.pl\/wp-content\/uploads\/2023\/05\/logo_packan.png","width":2068,"height":541},{"@type":"WebPage","@id":"https:\/\/studioflorence.pl\/index.php\/usluga-wykonawcza\/#webpage","url":"https:\/\/studioflorence.pl\/index.php\/usluga-wykonawcza\/","name":"US\u0141UGA WYKONAWCZA - Studio Florence","isPartOf":{"@id":"https:\/\/studioflorence.pl\/#website"},"primaryImageOfPage":{"@id":"https:\/\/studioflorence.pl\/index.php\/usluga-wykonawcza\/#primaryimage"},"datePublished":"2023-05-05T08:41:17+00:00","dateModified":"2023-05-15T07:26:34+00:00","breadcrumb":{"@id":"https:\/\/studioflorence.pl\/index.php\/usluga-wykonawcza\/#breadcrumb"},"inLanguage":"pl-PL","potentialAction":[{"@type":"ReadAction","target":["https:\/\/studioflorence.pl\/index.php\/usluga-wykonawcza\/"]}]},{"@type":"BreadcrumbList","@id":"https:\/\/studioflorence.pl\/index.php\/usluga-wykonawcza\/#breadcrumb","itemListElement":[{"@type":"ListItem","position":1,"name":"Strona g\u0142\u00f3wna","item":"https:\/\/studioflorence.pl\/"},{"@type":"ListItem","position":2,"name":"US\u0141UGA WYKONAWCZA"}]}]}},"_links":{"self":[{"href":"https:\/\/studioflorence.pl\/index.php\/wp-json\/wp\/v2\/pages\/646"}],"collection":[{"href":"https:\/\/studioflorence.pl\/index.php\/wp-json\/wp\/v2\/pages"}],"about":[{"href":"https:\/\/studioflorence.pl\/index.php\/wp-json\/wp\/v2\/types\/page"}],"author":[{"embeddable":true,"href":"https:\/\/studioflorence.pl\/index.php\/wp-json\/wp\/v2\/users\/1"}],"replies":[{"embeddable":true,"href":"https:\/\/studioflorence.pl\/index.php\/wp-json\/wp\/v2\/comments?post=646"}],"version-history":[{"count":16,"href":"https:\/\/studioflorence.pl\/index.php\/wp-json\/wp\/v2\/pages\/646\/revisions"}],"predecessor-version":[{"id":746,"href":"https:\/\/studioflorence.pl\/index.php\/wp-json\/wp\/v2\/pages\/646\/revisions\/746"}],"wp:attachment":[{"href":"https:\/\/studioflorence.pl\/index.php\/wp-json\/wp\/v2\/media?parent=646"}],"curies":[{"name":"wp","href":"https:\/\/api.w.org\/{rel}","templated":true}]}}