{"id":625,"date":"2023-05-05T07:59:51","date_gmt":"2023-05-05T07:59:51","guid":{"rendered":"https:\/\/studioflorence.pl\/?page_id=625"},"modified":"2023-05-05T08:02:00","modified_gmt":"2023-05-05T08:02:00","slug":"kompleksowe-prowadzenie-inwestycji","status":"publish","type":"page","link":"https:\/\/studioflorence.pl\/index.php\/kompleksowe-prowadzenie-inwestycji\/","title":{"rendered":"KOMPLEKSOWE PROWADZENIE INWESTYCJI"},"content":{"rendered":"\t\t<div data-elementor-type=\"wp-page\" data-elementor-id=\"625\" class=\"elementor elementor-625\" data-elementor-post-type=\"page\">\n\t\t\t\t\t\t\t\t\t<section data-particle_enable=\"false\" data-particle-mobile-disabled=\"false\" class=\"elementor-section elementor-top-section elementor-element elementor-element-8df83f4 elementor-section-boxed elementor-section-height-default elementor-section-height-default\" data-id=\"8df83f4\" data-element_type=\"section\" data-settings=\"{&quot;_ha_eqh_enable&quot;:false}\">\n\t\t\t\t\t\t<div class=\"elementor-container elementor-column-gap-wider\">\n\t\t\t\t\t<div class=\"elementor-column elementor-col-100 elementor-top-column elementor-element elementor-element-29e5cf4\" data-id=\"29e5cf4\" data-element_type=\"column\">\n\t\t\t<div class=\"elementor-widget-wrap elementor-element-populated\">\n\t\t\t\t\t\t\t\t<div class=\"elementor-element elementor-element-5ad449f elementor-invisible elementor-widget elementor-widget-heading\" data-id=\"5ad449f\" data-element_type=\"widget\" data-settings=\"{&quot;_animation&quot;:&quot;fadeIn&quot;}\" data-widget_type=\"heading.default\">\n\t\t\t\t<div class=\"elementor-widget-container\">\n\t\t\t<h2 class=\"elementor-heading-title elementor-size-default\">PROJEKTOWANIE WN\u0118TRZ MIESZKALNYCH<\/h2>\t\t<\/div>\n\t\t\t\t<\/div>\n\t\t\t\t\t<\/div>\n\t\t<\/div>\n\t\t\t\t\t\t\t<\/div>\n\t\t<\/section>\n\t\t\t\t<section data-particle_enable=\"false\" data-particle-mobile-disabled=\"false\" class=\"elementor-section elementor-top-section elementor-element elementor-element-f3dc470 elementor-section-boxed elementor-section-height-default elementor-section-height-default elementor-invisible\" data-id=\"f3dc470\" data-element_type=\"section\" data-settings=\"{&quot;animation&quot;:&quot;fadeIn&quot;,&quot;_ha_eqh_enable&quot;:false}\">\n\t\t\t\t\t\t<div class=\"elementor-container elementor-column-gap-wider\">\n\t\t\t\t\t<div class=\"elementor-column elementor-col-100 elementor-top-column elementor-element elementor-element-c0349c3\" data-id=\"c0349c3\" data-element_type=\"column\">\n\t\t\t<div class=\"elementor-widget-wrap elementor-element-populated\">\n\t\t\t\t\t\t\t\t<div class=\"elementor-element elementor-element-01592c6 elementor-widget elementor-widget-text-editor\" data-id=\"01592c6\" data-element_type=\"widget\" data-widget_type=\"text-editor.default\">\n\t\t\t\t<div class=\"elementor-widget-container\">\n\t\t\t\t\t\t\t<p>Oferta skierowana jest do os\u00f3b \/ firm, kt\u00f3re posiadaj\u0105 przestrze\u0144 inwestycyjn\u0105 (mieszkanie, obiekt us\u0142ugowy, pojedynczy pok\u00f3j, biuro, itd.), kt\u00f3r\u0105 chc\u0105 przeorganizowa\u0107 na wynajem lub sprzeda\u017c, a zaraz, nie maj\u0105 mo\u017cliwo\u015bci do prowadzenia prac remontowych i projektowych. <br \/>Oferujemy wsparcie w ca\u0142ym procesie od projektu po zako\u0144czenie inwestycji \u201epod klucz\u201d.<\/p><p>Wykonujemy samodzielnie pomiary, oceniamy stan, wykonujemy projekt z wizualizacj\u0105 do akceptacji, a nast\u0119pnie okre\u015blamy kosztorys, kieruj\u0105c si\u0119 optymalizacj\u0105 koszt\u00f3w budowlano-remontowych.\u00a0<\/p><p>Jest to us\u0142uga z pe\u0142nym nadzorem* na ka\u017cdym etapie prowadzonych prac i mo\u017ce by\u0107 realizowana z us\u0142ug\u0105 budowlan\u0105\/remontow\u0105 i z potrzebnymi materia\u0142ami dostarczonymi na miejsce. Ca\u0142y proces jest realizowany za naszym po\u015brednictwem i zwie\u0144czony oddaniem gotowego w pe\u0142ni funkcjonalnego wn\u0119trza.<\/p><p>*us\u0142uga nadzoru realizacji budowlanych w przypadku pozosta\u0142ych ofert jest mo\u017cliwa, jednak jest ona dodatkowo p\u0142atna.<\/p>\t\t\t\t\t\t<\/div>\n\t\t\t\t<\/div>\n\t\t\t\t\t<\/div>\n\t\t<\/div>\n\t\t\t\t\t\t\t<\/div>\n\t\t<\/section>\n\t\t\t\t\t\t\t<\/div>\n\t\t","protected":false},"excerpt":{"rendered":"<p>PROJEKTOWANIE WN\u0118TRZ MIESZKALNYCH Oferta skierowana jest do os\u00f3b \/ firm, kt\u00f3re posiadaj\u0105 przestrze\u0144 inwestycyjn\u0105 (mieszkanie, obiekt us\u0142ugowy, pojedynczy pok\u00f3j, biuro, itd.), kt\u00f3r\u0105 chc\u0105 przeorganizowa\u0107 na wynajem lub sprzeda\u017c, a zaraz, nie maj\u0105 mo\u017cliwo\u015bci do prowadzenia prac remontowych i projektowych. Oferujemy wsparcie w ca\u0142ym procesie od projektu po zako\u0144czenie inwestycji \u201epod klucz\u201d. Wykonujemy samodzielnie pomiary, oceniamy [&hellip;]<\/p>\n","protected":false},"author":1,"featured_media":0,"parent":0,"menu_order":0,"comment_status":"closed","ping_status":"closed","template":"elementor_header_footer","meta":{"footnotes":""},"yoast_head":"<!-- This site is optimized with the Yoast SEO Premium plugin v16.9 (Yoast SEO v16.9) - https:\/\/yoast.com\/wordpress\/plugins\/seo\/ -->\n<title>KOMPLEKSOWE PROWADZENIE INWESTYCJI - Studio Florence<\/title>\n<meta name=\"robots\" content=\"index, follow, max-snippet:-1, max-image-preview:large, max-video-preview:-1\" \/>\n<link rel=\"canonical\" href=\"https:\/\/studioflorence.pl\/index.php\/kompleksowe-prowadzenie-inwestycji\/\" \/>\n<meta property=\"og:locale\" content=\"pl_PL\" \/>\n<meta property=\"og:type\" content=\"article\" \/>\n<meta property=\"og:title\" content=\"KOMPLEKSOWE PROWADZENIE INWESTYCJI\" \/>\n<meta property=\"og:description\" content=\"PROJEKTOWANIE WN\u0118TRZ MIESZKALNYCH Oferta skierowana jest do os\u00f3b \/ firm, kt\u00f3re posiadaj\u0105 przestrze\u0144 inwestycyjn\u0105 (mieszkanie, obiekt us\u0142ugowy, pojedynczy pok\u00f3j, biuro, itd.), kt\u00f3r\u0105 chc\u0105 przeorganizowa\u0107 na wynajem lub sprzeda\u017c, a zaraz, nie maj\u0105 mo\u017cliwo\u015bci do prowadzenia prac remontowych i projektowych. Oferujemy wsparcie w ca\u0142ym procesie od projektu po zako\u0144czenie inwestycji \u201epod klucz\u201d. Wykonujemy samodzielnie pomiary, oceniamy [&hellip;]\" \/>\n<meta property=\"og:url\" content=\"https:\/\/studioflorence.pl\/index.php\/kompleksowe-prowadzenie-inwestycji\/\" \/>\n<meta property=\"og:site_name\" content=\"Studio Florence\" \/>\n<meta property=\"article:modified_time\" content=\"2023-05-05T08:02:00+00:00\" \/>\n<meta name=\"twitter:card\" content=\"summary_large_image\" \/>\n<meta name=\"twitter:label1\" content=\"Szacowany czas czytania\" \/>\n\t<meta name=\"twitter:data1\" content=\"1 minuta\" \/>\n<script type=\"application\/ld+json\" class=\"yoast-schema-graph\">{\"@context\":\"https:\/\/schema.org\",\"@graph\":[{\"@type\":\"WebSite\",\"@id\":\"https:\/\/studioflorence.pl\/#website\",\"url\":\"https:\/\/studioflorence.pl\/\",\"name\":\"Studio Florence\",\"description\":\"Projektowanie Wn\\u0119trz\",\"potentialAction\":[{\"@type\":\"SearchAction\",\"target\":{\"@type\":\"EntryPoint\",\"urlTemplate\":\"https:\/\/studioflorence.pl\/?s={search_term_string}\"},\"query-input\":\"required name=search_term_string\"}],\"inLanguage\":\"pl-PL\"},{\"@type\":\"WebPage\",\"@id\":\"https:\/\/studioflorence.pl\/index.php\/kompleksowe-prowadzenie-inwestycji\/#webpage\",\"url\":\"https:\/\/studioflorence.pl\/index.php\/kompleksowe-prowadzenie-inwestycji\/\",\"name\":\"KOMPLEKSOWE PROWADZENIE INWESTYCJI - Studio Florence\",\"isPartOf\":{\"@id\":\"https:\/\/studioflorence.pl\/#website\"},\"datePublished\":\"2023-05-05T07:59:51+00:00\",\"dateModified\":\"2023-05-05T08:02:00+00:00\",\"breadcrumb\":{\"@id\":\"https:\/\/studioflorence.pl\/index.php\/kompleksowe-prowadzenie-inwestycji\/#breadcrumb\"},\"inLanguage\":\"pl-PL\",\"potentialAction\":[{\"@type\":\"ReadAction\",\"target\":[\"https:\/\/studioflorence.pl\/index.php\/kompleksowe-prowadzenie-inwestycji\/\"]}]},{\"@type\":\"BreadcrumbList\",\"@id\":\"https:\/\/studioflorence.pl\/index.php\/kompleksowe-prowadzenie-inwestycji\/#breadcrumb\",\"itemListElement\":[{\"@type\":\"ListItem\",\"position\":1,\"name\":\"Strona g\\u0142\\u00f3wna\",\"item\":\"https:\/\/studioflorence.pl\/\"},{\"@type\":\"ListItem\",\"position\":2,\"name\":\"KOMPLEKSOWE PROWADZENIE INWESTYCJI\"}]}]}<\/script>\n<!-- \/ Yoast SEO Premium plugin. -->","yoast_head_json":{"title":"KOMPLEKSOWE PROWADZENIE INWESTYCJI - Studio Florence","robots":{"index":"index","follow":"follow","max-snippet":"max-snippet:-1","max-image-preview":"max-image-preview:large","max-video-preview":"max-video-preview:-1"},"canonical":"https:\/\/studioflorence.pl\/index.php\/kompleksowe-prowadzenie-inwestycji\/","og_locale":"pl_PL","og_type":"article","og_title":"KOMPLEKSOWE PROWADZENIE INWESTYCJI","og_description":"PROJEKTOWANIE WN\u0118TRZ MIESZKALNYCH Oferta skierowana jest do os\u00f3b \/ firm, kt\u00f3re posiadaj\u0105 przestrze\u0144 inwestycyjn\u0105 (mieszkanie, obiekt us\u0142ugowy, pojedynczy pok\u00f3j, biuro, itd.), kt\u00f3r\u0105 chc\u0105 przeorganizowa\u0107 na wynajem lub sprzeda\u017c, a zaraz, nie maj\u0105 mo\u017cliwo\u015bci do prowadzenia prac remontowych i projektowych. Oferujemy wsparcie w ca\u0142ym procesie od projektu po zako\u0144czenie inwestycji \u201epod klucz\u201d. Wykonujemy samodzielnie pomiary, oceniamy [&hellip;]","og_url":"https:\/\/studioflorence.pl\/index.php\/kompleksowe-prowadzenie-inwestycji\/","og_site_name":"Studio Florence","article_modified_time":"2023-05-05T08:02:00+00:00","twitter_card":"summary_large_image","twitter_misc":{"Szacowany czas czytania":"1 minuta"},"schema":{"@context":"https:\/\/schema.org","@graph":[{"@type":"WebSite","@id":"https:\/\/studioflorence.pl\/#website","url":"https:\/\/studioflorence.pl\/","name":"Studio Florence","description":"Projektowanie Wn\u0119trz","potentialAction":[{"@type":"SearchAction","target":{"@type":"EntryPoint","urlTemplate":"https:\/\/studioflorence.pl\/?s={search_term_string}"},"query-input":"required name=search_term_string"}],"inLanguage":"pl-PL"},{"@type":"WebPage","@id":"https:\/\/studioflorence.pl\/index.php\/kompleksowe-prowadzenie-inwestycji\/#webpage","url":"https:\/\/studioflorence.pl\/index.php\/kompleksowe-prowadzenie-inwestycji\/","name":"KOMPLEKSOWE PROWADZENIE INWESTYCJI - Studio Florence","isPartOf":{"@id":"https:\/\/studioflorence.pl\/#website"},"datePublished":"2023-05-05T07:59:51+00:00","dateModified":"2023-05-05T08:02:00+00:00","breadcrumb":{"@id":"https:\/\/studioflorence.pl\/index.php\/kompleksowe-prowadzenie-inwestycji\/#breadcrumb"},"inLanguage":"pl-PL","potentialAction":[{"@type":"ReadAction","target":["https:\/\/studioflorence.pl\/index.php\/kompleksowe-prowadzenie-inwestycji\/"]}]},{"@type":"BreadcrumbList","@id":"https:\/\/studioflorence.pl\/index.php\/kompleksowe-prowadzenie-inwestycji\/#breadcrumb","itemListElement":[{"@type":"ListItem","position":1,"name":"Strona g\u0142\u00f3wna","item":"https:\/\/studioflorence.pl\/"},{"@type":"ListItem","position":2,"name":"KOMPLEKSOWE PROWADZENIE INWESTYCJI"}]}]}},"_links":{"self":[{"href":"https:\/\/studioflorence.pl\/index.php\/wp-json\/wp\/v2\/pages\/625"}],"collection":[{"href":"https:\/\/studioflorence.pl\/index.php\/wp-json\/wp\/v2\/pages"}],"about":[{"href":"https:\/\/studioflorence.pl\/index.php\/wp-json\/wp\/v2\/types\/page"}],"author":[{"embeddable":true,"href":"https:\/\/studioflorence.pl\/index.php\/wp-json\/wp\/v2\/users\/1"}],"replies":[{"embeddable":true,"href":"https:\/\/studioflorence.pl\/index.php\/wp-json\/wp\/v2\/comments?post=625"}],"version-history":[{"count":10,"href":"https:\/\/studioflorence.pl\/index.php\/wp-json\/wp\/v2\/pages\/625\/revisions"}],"predecessor-version":[{"id":636,"href":"https:\/\/studioflorence.pl\/index.php\/wp-json\/wp\/v2\/pages\/625\/revisions\/636"}],"wp:attachment":[{"href":"https:\/\/studioflorence.pl\/index.php\/wp-json\/wp\/v2\/media?parent=625"}],"curies":[{"name":"wp","href":"https:\/\/api.w.org\/{rel}","templated":true}]}}