{"id":616,"date":"2023-05-05T07:56:55","date_gmt":"2023-05-05T07:56:55","guid":{"rendered":"https:\/\/studioflorence.pl\/?page_id=616"},"modified":"2023-05-05T07:58:11","modified_gmt":"2023-05-05T07:58:11","slug":"wizualizacja","status":"publish","type":"page","link":"https:\/\/studioflorence.pl\/index.php\/wizualizacja\/","title":{"rendered":"WIZUALIZACJA"},"content":{"rendered":"\t\t<div data-elementor-type=\"wp-page\" data-elementor-id=\"616\" class=\"elementor elementor-616\" data-elementor-post-type=\"page\">\n\t\t\t\t\t\t\t\t\t<section data-particle_enable=\"false\" data-particle-mobile-disabled=\"false\" class=\"elementor-section elementor-top-section elementor-element elementor-element-477ae9f elementor-section-boxed elementor-section-height-default elementor-section-height-default\" data-id=\"477ae9f\" data-element_type=\"section\" data-settings=\"{&quot;_ha_eqh_enable&quot;:false}\">\n\t\t\t\t\t\t<div class=\"elementor-container elementor-column-gap-wider\">\n\t\t\t\t\t<div class=\"elementor-column elementor-col-100 elementor-top-column elementor-element elementor-element-313e566\" data-id=\"313e566\" data-element_type=\"column\">\n\t\t\t<div class=\"elementor-widget-wrap elementor-element-populated\">\n\t\t\t\t\t\t\t\t<div class=\"elementor-element elementor-element-7b8ac81 elementor-invisible elementor-widget elementor-widget-heading\" data-id=\"7b8ac81\" data-element_type=\"widget\" data-settings=\"{&quot;_animation&quot;:&quot;fadeIn&quot;}\" data-widget_type=\"heading.default\">\n\t\t\t\t<div class=\"elementor-widget-container\">\n\t\t\t<h2 class=\"elementor-heading-title elementor-size-default\">WIZUALIZACJA<\/h2>\t\t<\/div>\n\t\t\t\t<\/div>\n\t\t\t\t\t<\/div>\n\t\t<\/div>\n\t\t\t\t\t\t\t<\/div>\n\t\t<\/section>\n\t\t\t\t<section data-particle_enable=\"false\" data-particle-mobile-disabled=\"false\" class=\"elementor-section elementor-top-section elementor-element elementor-element-066b08f elementor-section-boxed elementor-section-height-default elementor-section-height-default elementor-invisible\" data-id=\"066b08f\" data-element_type=\"section\" data-settings=\"{&quot;animation&quot;:&quot;fadeIn&quot;,&quot;_ha_eqh_enable&quot;:false}\">\n\t\t\t\t\t\t<div class=\"elementor-container elementor-column-gap-wider\">\n\t\t\t\t\t<div class=\"elementor-column elementor-col-100 elementor-top-column elementor-element elementor-element-1dd7903\" data-id=\"1dd7903\" data-element_type=\"column\">\n\t\t\t<div class=\"elementor-widget-wrap elementor-element-populated\">\n\t\t\t\t\t\t\t\t<div class=\"elementor-element elementor-element-4c8b84a elementor-widget elementor-widget-text-editor\" data-id=\"4c8b84a\" data-element_type=\"widget\" data-widget_type=\"text-editor.default\">\n\t\t\t\t<div class=\"elementor-widget-container\">\n\t\t\t\t\t\t\t<p>Do wi\u0119kszo\u015bci projekt\u00f3w wn\u0119trz oferujemy fotorealistyczn\u0105 wizualizacj\u0119 3D. W zale\u017cno\u015bci od wielko\u015bci inwestycji, okre\u015blamy czy wizualizacja jest w pakiecie czy jest to us\u0142uga dodatkowa*<\/p><p>*Porada wn\u0119trzarska jest us\u0142ug\u0105 realizowan\u0105 w miejscu zamieszkania \/pracy klienta i nie jest realizowana w tym przypadku wizualizacja.<\/p><p>Staramy si\u0119, aby wizualizacja w jak najwierniejszy spos\u00f3b oddawa\u0142a efekt ko\u0144cowy wn\u0119trza po po modernizacji, tak by klient m\u00f3g\u0142 podj\u0105\u0107 \u015bwiadoma decyzj\u0119 przy wyborze materia\u0142\u00f3w i dodatk\u00f3w, kt\u00f3re tworz\u0105 klimat przestrzeni.<\/p>\t\t\t\t\t\t<\/div>\n\t\t\t\t<\/div>\n\t\t\t\t\t<\/div>\n\t\t<\/div>\n\t\t\t\t\t\t\t<\/div>\n\t\t<\/section>\n\t\t\t\t\t\t\t<\/div>\n\t\t","protected":false},"excerpt":{"rendered":"<p>WIZUALIZACJA Do wi\u0119kszo\u015bci projekt\u00f3w wn\u0119trz oferujemy fotorealistyczn\u0105 wizualizacj\u0119 3D. W zale\u017cno\u015bci od wielko\u015bci inwestycji, okre\u015blamy czy wizualizacja jest w pakiecie czy jest to us\u0142uga dodatkowa* *Porada wn\u0119trzarska jest us\u0142ug\u0105 realizowan\u0105 w miejscu zamieszkania \/pracy klienta i nie jest realizowana w tym przypadku wizualizacja. Staramy si\u0119, aby wizualizacja w jak najwierniejszy spos\u00f3b oddawa\u0142a efekt ko\u0144cowy wn\u0119trza [&hellip;]<\/p>\n","protected":false},"author":1,"featured_media":0,"parent":0,"menu_order":0,"comment_status":"closed","ping_status":"closed","template":"elementor_header_footer","meta":{"footnotes":""},"yoast_head":"<!-- This site is optimized with the Yoast SEO Premium plugin v16.9 (Yoast SEO v16.9) - https:\/\/yoast.com\/wordpress\/plugins\/seo\/ -->\n<title>WIZUALIZACJA - Studio Florence<\/title>\n<meta name=\"robots\" content=\"index, follow, max-snippet:-1, max-image-preview:large, max-video-preview:-1\" \/>\n<link rel=\"canonical\" href=\"https:\/\/studioflorence.pl\/index.php\/wizualizacja\/\" \/>\n<meta property=\"og:locale\" content=\"pl_PL\" \/>\n<meta property=\"og:type\" content=\"article\" \/>\n<meta property=\"og:title\" content=\"WIZUALIZACJA\" \/>\n<meta property=\"og:description\" content=\"WIZUALIZACJA Do wi\u0119kszo\u015bci projekt\u00f3w wn\u0119trz oferujemy fotorealistyczn\u0105 wizualizacj\u0119 3D. W zale\u017cno\u015bci od wielko\u015bci inwestycji, okre\u015blamy czy wizualizacja jest w pakiecie czy jest to us\u0142uga dodatkowa* *Porada wn\u0119trzarska jest us\u0142ug\u0105 realizowan\u0105 w miejscu zamieszkania \/pracy klienta i nie jest realizowana w tym przypadku wizualizacja. Staramy si\u0119, aby wizualizacja w jak najwierniejszy spos\u00f3b oddawa\u0142a efekt ko\u0144cowy wn\u0119trza [&hellip;]\" \/>\n<meta property=\"og:url\" content=\"https:\/\/studioflorence.pl\/index.php\/wizualizacja\/\" \/>\n<meta property=\"og:site_name\" content=\"Studio Florence\" \/>\n<meta property=\"article:modified_time\" content=\"2023-05-05T07:58:11+00:00\" \/>\n<meta name=\"twitter:card\" content=\"summary_large_image\" \/>\n<meta name=\"twitter:label1\" content=\"Szacowany czas czytania\" \/>\n\t<meta name=\"twitter:data1\" content=\"1 minuta\" \/>\n<script type=\"application\/ld+json\" class=\"yoast-schema-graph\">{\"@context\":\"https:\/\/schema.org\",\"@graph\":[{\"@type\":\"WebSite\",\"@id\":\"https:\/\/studioflorence.pl\/#website\",\"url\":\"https:\/\/studioflorence.pl\/\",\"name\":\"Studio Florence\",\"description\":\"Projektowanie Wn\\u0119trz\",\"potentialAction\":[{\"@type\":\"SearchAction\",\"target\":{\"@type\":\"EntryPoint\",\"urlTemplate\":\"https:\/\/studioflorence.pl\/?s={search_term_string}\"},\"query-input\":\"required name=search_term_string\"}],\"inLanguage\":\"pl-PL\"},{\"@type\":\"WebPage\",\"@id\":\"https:\/\/studioflorence.pl\/index.php\/wizualizacja\/#webpage\",\"url\":\"https:\/\/studioflorence.pl\/index.php\/wizualizacja\/\",\"name\":\"WIZUALIZACJA - Studio Florence\",\"isPartOf\":{\"@id\":\"https:\/\/studioflorence.pl\/#website\"},\"datePublished\":\"2023-05-05T07:56:55+00:00\",\"dateModified\":\"2023-05-05T07:58:11+00:00\",\"breadcrumb\":{\"@id\":\"https:\/\/studioflorence.pl\/index.php\/wizualizacja\/#breadcrumb\"},\"inLanguage\":\"pl-PL\",\"potentialAction\":[{\"@type\":\"ReadAction\",\"target\":[\"https:\/\/studioflorence.pl\/index.php\/wizualizacja\/\"]}]},{\"@type\":\"BreadcrumbList\",\"@id\":\"https:\/\/studioflorence.pl\/index.php\/wizualizacja\/#breadcrumb\",\"itemListElement\":[{\"@type\":\"ListItem\",\"position\":1,\"name\":\"Strona g\\u0142\\u00f3wna\",\"item\":\"https:\/\/studioflorence.pl\/\"},{\"@type\":\"ListItem\",\"position\":2,\"name\":\"WIZUALIZACJA\"}]}]}<\/script>\n<!-- \/ Yoast SEO Premium plugin. -->","yoast_head_json":{"title":"WIZUALIZACJA - Studio Florence","robots":{"index":"index","follow":"follow","max-snippet":"max-snippet:-1","max-image-preview":"max-image-preview:large","max-video-preview":"max-video-preview:-1"},"canonical":"https:\/\/studioflorence.pl\/index.php\/wizualizacja\/","og_locale":"pl_PL","og_type":"article","og_title":"WIZUALIZACJA","og_description":"WIZUALIZACJA Do wi\u0119kszo\u015bci projekt\u00f3w wn\u0119trz oferujemy fotorealistyczn\u0105 wizualizacj\u0119 3D. W zale\u017cno\u015bci od wielko\u015bci inwestycji, okre\u015blamy czy wizualizacja jest w pakiecie czy jest to us\u0142uga dodatkowa* *Porada wn\u0119trzarska jest us\u0142ug\u0105 realizowan\u0105 w miejscu zamieszkania \/pracy klienta i nie jest realizowana w tym przypadku wizualizacja. Staramy si\u0119, aby wizualizacja w jak najwierniejszy spos\u00f3b oddawa\u0142a efekt ko\u0144cowy wn\u0119trza [&hellip;]","og_url":"https:\/\/studioflorence.pl\/index.php\/wizualizacja\/","og_site_name":"Studio Florence","article_modified_time":"2023-05-05T07:58:11+00:00","twitter_card":"summary_large_image","twitter_misc":{"Szacowany czas czytania":"1 minuta"},"schema":{"@context":"https:\/\/schema.org","@graph":[{"@type":"WebSite","@id":"https:\/\/studioflorence.pl\/#website","url":"https:\/\/studioflorence.pl\/","name":"Studio Florence","description":"Projektowanie Wn\u0119trz","potentialAction":[{"@type":"SearchAction","target":{"@type":"EntryPoint","urlTemplate":"https:\/\/studioflorence.pl\/?s={search_term_string}"},"query-input":"required name=search_term_string"}],"inLanguage":"pl-PL"},{"@type":"WebPage","@id":"https:\/\/studioflorence.pl\/index.php\/wizualizacja\/#webpage","url":"https:\/\/studioflorence.pl\/index.php\/wizualizacja\/","name":"WIZUALIZACJA - Studio Florence","isPartOf":{"@id":"https:\/\/studioflorence.pl\/#website"},"datePublished":"2023-05-05T07:56:55+00:00","dateModified":"2023-05-05T07:58:11+00:00","breadcrumb":{"@id":"https:\/\/studioflorence.pl\/index.php\/wizualizacja\/#breadcrumb"},"inLanguage":"pl-PL","potentialAction":[{"@type":"ReadAction","target":["https:\/\/studioflorence.pl\/index.php\/wizualizacja\/"]}]},{"@type":"BreadcrumbList","@id":"https:\/\/studioflorence.pl\/index.php\/wizualizacja\/#breadcrumb","itemListElement":[{"@type":"ListItem","position":1,"name":"Strona g\u0142\u00f3wna","item":"https:\/\/studioflorence.pl\/"},{"@type":"ListItem","position":2,"name":"WIZUALIZACJA"}]}]}},"_links":{"self":[{"href":"https:\/\/studioflorence.pl\/index.php\/wp-json\/wp\/v2\/pages\/616"}],"collection":[{"href":"https:\/\/studioflorence.pl\/index.php\/wp-json\/wp\/v2\/pages"}],"about":[{"href":"https:\/\/studioflorence.pl\/index.php\/wp-json\/wp\/v2\/types\/page"}],"author":[{"embeddable":true,"href":"https:\/\/studioflorence.pl\/index.php\/wp-json\/wp\/v2\/users\/1"}],"replies":[{"embeddable":true,"href":"https:\/\/studioflorence.pl\/index.php\/wp-json\/wp\/v2\/comments?post=616"}],"version-history":[{"count":4,"href":"https:\/\/studioflorence.pl\/index.php\/wp-json\/wp\/v2\/pages\/616\/revisions"}],"predecessor-version":[{"id":621,"href":"https:\/\/studioflorence.pl\/index.php\/wp-json\/wp\/v2\/pages\/616\/revisions\/621"}],"wp:attachment":[{"href":"https:\/\/studioflorence.pl\/index.php\/wp-json\/wp\/v2\/media?parent=616"}],"curies":[{"name":"wp","href":"https:\/\/api.w.org\/{rel}","templated":true}]}}