{"id":595,"date":"2023-05-05T07:51:30","date_gmt":"2023-05-05T07:51:30","guid":{"rendered":"https:\/\/studioflorence.pl\/?page_id=595"},"modified":"2023-05-05T07:54:01","modified_gmt":"2023-05-05T07:54:01","slug":"porada-wnetrzarska","status":"publish","type":"page","link":"https:\/\/studioflorence.pl\/index.php\/porada-wnetrzarska\/","title":{"rendered":"PORADA WN\u0118TRZARSKA"},"content":{"rendered":"\t\t<div data-elementor-type=\"wp-page\" data-elementor-id=\"595\" class=\"elementor elementor-595\" data-elementor-post-type=\"page\">\n\t\t\t\t\t\t\t\t\t<section data-particle_enable=\"false\" data-particle-mobile-disabled=\"false\" class=\"elementor-section elementor-top-section elementor-element elementor-element-6d4bdcc elementor-section-boxed elementor-section-height-default elementor-section-height-default\" data-id=\"6d4bdcc\" data-element_type=\"section\" data-settings=\"{&quot;_ha_eqh_enable&quot;:false}\">\n\t\t\t\t\t\t<div class=\"elementor-container elementor-column-gap-wider\">\n\t\t\t\t\t<div class=\"elementor-column elementor-col-100 elementor-top-column elementor-element elementor-element-2fbf5bf\" data-id=\"2fbf5bf\" data-element_type=\"column\">\n\t\t\t<div class=\"elementor-widget-wrap elementor-element-populated\">\n\t\t\t\t\t\t\t\t<div class=\"elementor-element elementor-element-61757e4 elementor-invisible elementor-widget elementor-widget-heading\" data-id=\"61757e4\" data-element_type=\"widget\" data-settings=\"{&quot;_animation&quot;:&quot;fadeIn&quot;}\" data-widget_type=\"heading.default\">\n\t\t\t\t<div class=\"elementor-widget-container\">\n\t\t\t<h2 class=\"elementor-heading-title elementor-size-default\">PORADA WN\u0118TRZARSKA <\/h2>\t\t<\/div>\n\t\t\t\t<\/div>\n\t\t\t\t\t<\/div>\n\t\t<\/div>\n\t\t\t\t\t\t\t<\/div>\n\t\t<\/section>\n\t\t\t\t<section data-particle_enable=\"false\" data-particle-mobile-disabled=\"false\" class=\"elementor-section elementor-top-section elementor-element elementor-element-e36b8a3 elementor-section-boxed elementor-section-height-default elementor-section-height-default elementor-invisible\" data-id=\"e36b8a3\" data-element_type=\"section\" data-settings=\"{&quot;animation&quot;:&quot;fadeIn&quot;,&quot;_ha_eqh_enable&quot;:false}\">\n\t\t\t\t\t\t<div class=\"elementor-container elementor-column-gap-wider\">\n\t\t\t\t\t<div class=\"elementor-column elementor-col-100 elementor-top-column elementor-element elementor-element-a4ea5bb\" data-id=\"a4ea5bb\" data-element_type=\"column\">\n\t\t\t<div class=\"elementor-widget-wrap elementor-element-populated\">\n\t\t\t\t\t\t\t\t<div class=\"elementor-element elementor-element-e56dc54 elementor-widget elementor-widget-text-editor\" data-id=\"e56dc54\" data-element_type=\"widget\" data-widget_type=\"text-editor.default\">\n\t\t\t\t<div class=\"elementor-widget-container\">\n\t\t\t\t\t\t\t<p>Oferta skierowana do os\u00f3b, kt\u00f3rych wn\u0119trze nie wymaga radykalnej zmiany organizacji przestrzeni, a jedynie (albo a\u017c!) pomocy w niewielkich zmianach, kt\u00f3re maj\u0105 doda\u0107 charakteru, usprawni\u0107 funkcjonalno\u015b\u0107 i ergonomi\u0119, doda\u0107 \u0142adu i porz\u0105dku albo tylko potwierdzi\u0107 wizj\u0119 planowania wn\u0119trza inwestora.<\/p><p>Us\u0142uga realizowana w ci\u0105gu pe\u0142nych godzin zegarowych ( 60 min ), podczas kt\u00f3rych sp\u0119dzamy czas ma omawianiu potrzeb i proponowaniu zmian w okre\u015blonym obszarze wn\u0119trza, kt\u00f3re chcemy przeorganizowa\u0107.<\/p><p>Us\u0142uga mo\u017ce by\u0107 realizowana w ramach jednego lub wi\u0119kszej ilo\u015bci przestrzeni jednocze\u015bnie ( np. kilka pokoi w domu, biuro i \u0142azienka, kawiarnia, itp\u2026 ). <br \/>Analiza rozwi\u0105za\u0144 rozpoczyna si\u0119 w domu klienta lub w wybranej innej przestrzeni, mo\u017ce zosta\u0107 r\u00f3wnie\u017c przeprowadzona w sklepach budowlanych i meblowych. Jeste\u015bmy otwarci na wiele sposob\u00f3w wsp\u00f3\u0142pracy, rozm\u00f3w z firmami wykonawczymi lub z samymi inwestorami w czasie godzin porady wn\u0119trzarskiej.<\/p><p>Jej zwie\u0144czeniem jest przygotowanie zestawienia porad i sugestii z okre\u015bleniem konkretnych materia\u0142\u00f3w, wzor\u00f3w i kolor\u00f3w wyko\u0144cze\u0144, kt\u00f3re w zbiorczym pliku s\u0105 przesy\u0142ane klientowi drog\u0105 elektroniczn\u0105.<\/p><p>Jest to bardzo ciekawa forma w wsp\u00f3\u0142pracy dla os\u00f3b, kt\u00f3re same projektuj\u0105 swoje wn\u0119trza, jednak chc\u0105 uzupe\u0142ni\u0107 swoj\u0105 wizj\u0119 o nieoczywiste rozwi\u0105zania i pozna\u0107 opini\u0119 \u201ez zewn\u0105trz\u201d.<\/p>\t\t\t\t\t\t<\/div>\n\t\t\t\t<\/div>\n\t\t\t\t\t<\/div>\n\t\t<\/div>\n\t\t\t\t\t\t\t<\/div>\n\t\t<\/section>\n\t\t\t\t\t\t\t<\/div>\n\t\t","protected":false},"excerpt":{"rendered":"<p>PORADA WN\u0118TRZARSKA Oferta skierowana do os\u00f3b, kt\u00f3rych wn\u0119trze nie wymaga radykalnej zmiany organizacji przestrzeni, a jedynie (albo a\u017c!) pomocy w niewielkich zmianach, kt\u00f3re maj\u0105 doda\u0107 charakteru, usprawni\u0107 funkcjonalno\u015b\u0107 i ergonomi\u0119, doda\u0107 \u0142adu i porz\u0105dku albo tylko potwierdzi\u0107 wizj\u0119 planowania wn\u0119trza inwestora. Us\u0142uga realizowana w ci\u0105gu pe\u0142nych godzin zegarowych ( 60 min ), podczas kt\u00f3rych sp\u0119dzamy [&hellip;]<\/p>\n","protected":false},"author":1,"featured_media":0,"parent":0,"menu_order":0,"comment_status":"closed","ping_status":"closed","template":"elementor_header_footer","meta":{"footnotes":""},"yoast_head":"<!-- This site is optimized with the Yoast SEO Premium plugin v16.9 (Yoast SEO v16.9) - https:\/\/yoast.com\/wordpress\/plugins\/seo\/ -->\n<title>PORADA WN\u0118TRZARSKA - Studio Florence<\/title>\n<meta name=\"robots\" content=\"index, follow, max-snippet:-1, max-image-preview:large, max-video-preview:-1\" \/>\n<link rel=\"canonical\" href=\"https:\/\/studioflorence.pl\/index.php\/porada-wnetrzarska\/\" \/>\n<meta property=\"og:locale\" content=\"pl_PL\" \/>\n<meta property=\"og:type\" content=\"article\" \/>\n<meta property=\"og:title\" content=\"PORADA WN\u0118TRZARSKA\" \/>\n<meta property=\"og:description\" content=\"PORADA WN\u0118TRZARSKA Oferta skierowana do os\u00f3b, kt\u00f3rych wn\u0119trze nie wymaga radykalnej zmiany organizacji przestrzeni, a jedynie (albo a\u017c!) pomocy w niewielkich zmianach, kt\u00f3re maj\u0105 doda\u0107 charakteru, usprawni\u0107 funkcjonalno\u015b\u0107 i ergonomi\u0119, doda\u0107 \u0142adu i porz\u0105dku albo tylko potwierdzi\u0107 wizj\u0119 planowania wn\u0119trza inwestora. Us\u0142uga realizowana w ci\u0105gu pe\u0142nych godzin zegarowych ( 60 min ), podczas kt\u00f3rych sp\u0119dzamy [&hellip;]\" \/>\n<meta property=\"og:url\" content=\"https:\/\/studioflorence.pl\/index.php\/porada-wnetrzarska\/\" \/>\n<meta property=\"og:site_name\" content=\"Studio Florence\" \/>\n<meta property=\"article:modified_time\" content=\"2023-05-05T07:54:01+00:00\" \/>\n<meta name=\"twitter:card\" content=\"summary_large_image\" \/>\n<meta name=\"twitter:label1\" content=\"Szacowany czas czytania\" \/>\n\t<meta name=\"twitter:data1\" content=\"1 minuta\" \/>\n<script type=\"application\/ld+json\" class=\"yoast-schema-graph\">{\"@context\":\"https:\/\/schema.org\",\"@graph\":[{\"@type\":\"WebSite\",\"@id\":\"https:\/\/studioflorence.pl\/#website\",\"url\":\"https:\/\/studioflorence.pl\/\",\"name\":\"Studio Florence\",\"description\":\"Projektowanie Wn\\u0119trz\",\"potentialAction\":[{\"@type\":\"SearchAction\",\"target\":{\"@type\":\"EntryPoint\",\"urlTemplate\":\"https:\/\/studioflorence.pl\/?s={search_term_string}\"},\"query-input\":\"required name=search_term_string\"}],\"inLanguage\":\"pl-PL\"},{\"@type\":\"WebPage\",\"@id\":\"https:\/\/studioflorence.pl\/index.php\/porada-wnetrzarska\/#webpage\",\"url\":\"https:\/\/studioflorence.pl\/index.php\/porada-wnetrzarska\/\",\"name\":\"PORADA WN\\u0118TRZARSKA - Studio Florence\",\"isPartOf\":{\"@id\":\"https:\/\/studioflorence.pl\/#website\"},\"datePublished\":\"2023-05-05T07:51:30+00:00\",\"dateModified\":\"2023-05-05T07:54:01+00:00\",\"breadcrumb\":{\"@id\":\"https:\/\/studioflorence.pl\/index.php\/porada-wnetrzarska\/#breadcrumb\"},\"inLanguage\":\"pl-PL\",\"potentialAction\":[{\"@type\":\"ReadAction\",\"target\":[\"https:\/\/studioflorence.pl\/index.php\/porada-wnetrzarska\/\"]}]},{\"@type\":\"BreadcrumbList\",\"@id\":\"https:\/\/studioflorence.pl\/index.php\/porada-wnetrzarska\/#breadcrumb\",\"itemListElement\":[{\"@type\":\"ListItem\",\"position\":1,\"name\":\"Strona g\\u0142\\u00f3wna\",\"item\":\"https:\/\/studioflorence.pl\/\"},{\"@type\":\"ListItem\",\"position\":2,\"name\":\"PORADA WN\\u0118TRZARSKA\"}]}]}<\/script>\n<!-- \/ Yoast SEO Premium plugin. -->","yoast_head_json":{"title":"PORADA WN\u0118TRZARSKA - Studio Florence","robots":{"index":"index","follow":"follow","max-snippet":"max-snippet:-1","max-image-preview":"max-image-preview:large","max-video-preview":"max-video-preview:-1"},"canonical":"https:\/\/studioflorence.pl\/index.php\/porada-wnetrzarska\/","og_locale":"pl_PL","og_type":"article","og_title":"PORADA WN\u0118TRZARSKA","og_description":"PORADA WN\u0118TRZARSKA Oferta skierowana do os\u00f3b, kt\u00f3rych wn\u0119trze nie wymaga radykalnej zmiany organizacji przestrzeni, a jedynie (albo a\u017c!) pomocy w niewielkich zmianach, kt\u00f3re maj\u0105 doda\u0107 charakteru, usprawni\u0107 funkcjonalno\u015b\u0107 i ergonomi\u0119, doda\u0107 \u0142adu i porz\u0105dku albo tylko potwierdzi\u0107 wizj\u0119 planowania wn\u0119trza inwestora. Us\u0142uga realizowana w ci\u0105gu pe\u0142nych godzin zegarowych ( 60 min ), podczas kt\u00f3rych sp\u0119dzamy [&hellip;]","og_url":"https:\/\/studioflorence.pl\/index.php\/porada-wnetrzarska\/","og_site_name":"Studio Florence","article_modified_time":"2023-05-05T07:54:01+00:00","twitter_card":"summary_large_image","twitter_misc":{"Szacowany czas czytania":"1 minuta"},"schema":{"@context":"https:\/\/schema.org","@graph":[{"@type":"WebSite","@id":"https:\/\/studioflorence.pl\/#website","url":"https:\/\/studioflorence.pl\/","name":"Studio Florence","description":"Projektowanie Wn\u0119trz","potentialAction":[{"@type":"SearchAction","target":{"@type":"EntryPoint","urlTemplate":"https:\/\/studioflorence.pl\/?s={search_term_string}"},"query-input":"required name=search_term_string"}],"inLanguage":"pl-PL"},{"@type":"WebPage","@id":"https:\/\/studioflorence.pl\/index.php\/porada-wnetrzarska\/#webpage","url":"https:\/\/studioflorence.pl\/index.php\/porada-wnetrzarska\/","name":"PORADA WN\u0118TRZARSKA - Studio Florence","isPartOf":{"@id":"https:\/\/studioflorence.pl\/#website"},"datePublished":"2023-05-05T07:51:30+00:00","dateModified":"2023-05-05T07:54:01+00:00","breadcrumb":{"@id":"https:\/\/studioflorence.pl\/index.php\/porada-wnetrzarska\/#breadcrumb"},"inLanguage":"pl-PL","potentialAction":[{"@type":"ReadAction","target":["https:\/\/studioflorence.pl\/index.php\/porada-wnetrzarska\/"]}]},{"@type":"BreadcrumbList","@id":"https:\/\/studioflorence.pl\/index.php\/porada-wnetrzarska\/#breadcrumb","itemListElement":[{"@type":"ListItem","position":1,"name":"Strona g\u0142\u00f3wna","item":"https:\/\/studioflorence.pl\/"},{"@type":"ListItem","position":2,"name":"PORADA WN\u0118TRZARSKA"}]}]}},"_links":{"self":[{"href":"https:\/\/studioflorence.pl\/index.php\/wp-json\/wp\/v2\/pages\/595"}],"collection":[{"href":"https:\/\/studioflorence.pl\/index.php\/wp-json\/wp\/v2\/pages"}],"about":[{"href":"https:\/\/studioflorence.pl\/index.php\/wp-json\/wp\/v2\/types\/page"}],"author":[{"embeddable":true,"href":"https:\/\/studioflorence.pl\/index.php\/wp-json\/wp\/v2\/users\/1"}],"replies":[{"embeddable":true,"href":"https:\/\/studioflorence.pl\/index.php\/wp-json\/wp\/v2\/comments?post=595"}],"version-history":[{"count":10,"href":"https:\/\/studioflorence.pl\/index.php\/wp-json\/wp\/v2\/pages\/595\/revisions"}],"predecessor-version":[{"id":606,"href":"https:\/\/studioflorence.pl\/index.php\/wp-json\/wp\/v2\/pages\/595\/revisions\/606"}],"wp:attachment":[{"href":"https:\/\/studioflorence.pl\/index.php\/wp-json\/wp\/v2\/media?parent=595"}],"curies":[{"name":"wp","href":"https:\/\/api.w.org\/{rel}","templated":true}]}}